{"id":12838,"date":"2020-11-03T08:40:31","date_gmt":"2020-11-03T06:40:31","guid":{"rendered":"https:\/\/mutjutin.fi\/tuote\/mutjutin-eco\/"},"modified":"2025-01-27T21:08:46","modified_gmt":"2025-01-27T19:08:46","slug":"mutjutin-eco","status":"publish","type":"product","link":"https:\/\/mutjutin.fi\/en\/tuote\/mutjutin-eco\/","title":{"rendered":"Mutjutin\u2122 Eco"},"content":{"rendered":"<p>&nbsp;<\/p>\n<p><strong>Mutjutin\u2122 ECO on valittavissa kolmesta eri v\u00e4rivaihtoehdosta.\u00a0<\/strong>Vaalea vaihtoehto muistuttaa v\u00e4rilt\u00e4\u00e4n vaahteraa, ruskea vaihtoehto lepp\u00e4\u00e4 ja tumma hiukan tummempaa tammea. Tutustu tuotekuviin ja l\u00f6yd\u00e4 paras mallisi!<\/p>\n<p><strong>Mutjutin\u2122 ECO on k\u00e4tev\u00e4 ja suosittu kalvohierontav\u00e4line &#8211; sill\u00e4 on Suomessa jo yli 80 000 k\u00e4ytt\u00e4j\u00e4\u00e4! K\u00e4ytt\u00e4j\u00e4t antavat sille arvosanan 8,9\/10. Sen k\u00e4ytt\u00f6 edist\u00e4\u00e4 lihasten liikkuvuutta, v\u00e4hent\u00e4\u00e4 kipua ja parantaa verenkiertoa lihaksiin.<\/strong><\/p>\n<p><iframe loading=\"lazy\" src=\"https:\/\/www.youtube.com\/embed\/jfsW_BGL_F4\" width=\"100%\" height=\"315px\" frameborder=\"0\" allowfullscreen=\"allowfullscreen\"><span data-mce-type=\"bookmark\" style=\"display: inline-block; width: 0px; overflow: hidden; line-height: 0;\" class=\"mce_SELRES_start\">\ufeff<\/span><\/iframe><\/p>\n<p><span style=\"font-weight: 400;\">Mutjutin can be used all over your body. <\/span><b>With Mutjutin\u2122 you get a user manual filled with pictures and tips for using it.<\/b><span style=\"font-weight: 400;\"> The different shapes in Mutjutin\u2122 are designed for different muscles, so you get optimal care for every muscle.<\/span><\/p>\n<p><b>Mutjutin\u2122 is designed with your well-being in mind.<\/b><span style=\"font-weight: 400;\"> The materials to choose from are plastic or rock. You can pick the colour of your choice from our multiple options. The dimensions of Mutjutin\u2122 are 8 cm (3.15 in) x 7 cm (2.76 in) x 0.4 cm (0.16 in), so it is easy to carry around in your pocket wherever you go. It is easily hand washed.<\/span><\/p>\n<p><span style=\"font-weight: 400;\">Mutjutin\u2122 massage tool is easy to use and learning how use it fully is easy. If you work with your hands, spend a lot of time on the computer or work out often, this massage tool is perfect for you.<\/span><\/p>\n<p><b>The package includes a user guide to get you quickly started.<\/b><\/p>\n<p><b>Clear benefits<\/b><\/p>\n<ul>\n<li>\n<ul>\n<li style=\"font-weight: 400;\" aria-level=\"1\"><span style=\"font-weight: 400;\">Using Mutjutin\u2122 is easy (user guide included)<\/span><\/li>\n<li style=\"font-weight: 400;\" aria-level=\"1\"><span style=\"font-weight: 400;\">You can find the user guide, videos and more in the Mutjutin\u2122 mobile app (for Android &amp; iOS) download it here for free.<\/span><\/li>\n<li style=\"font-weight: 400;\" aria-level=\"1\"><span style=\"font-weight: 400;\">You can take care of your muscles fast and easily by yourself.<\/span><\/li>\n<li style=\"font-weight: 400;\" aria-level=\"1\"><span style=\"font-weight: 400;\">Using Mutjutin\u2122 is safe.<\/span><\/li>\n<li style=\"font-weight: 400;\" aria-level=\"1\"><span style=\"font-weight: 400;\">Feel the difference quickly.<\/span><\/li>\n<li style=\"font-weight: 400;\" aria-level=\"1\"><span style=\"font-weight: 400;\">You can use Mutjutin\u2122 over your whole body.<\/span><\/li>\n<li style=\"font-weight: 400;\" aria-level=\"1\"><span style=\"font-weight: 400;\">Easily carried around in your pocket, especially when going to work or the gym.<\/span><\/li>\n<li style=\"font-weight: 400;\" aria-level=\"1\"><span style=\"font-weight: 400;\">Easily attached to your backpack or keychain.<\/span><\/li>\n<li style=\"font-weight: 400;\" aria-level=\"1\"><span style=\"font-weight: 400;\">It really makes an ideal gift for a friend or relative.<\/span><\/li>\n<li style=\"font-weight: 400;\" aria-level=\"1\"><span style=\"font-weight: 400;\">Long lasting. No easily breaking parts<\/span><\/li>\n<\/ul>\n<p><b>Getting your own Mutjutin\u2122 is fast and easy.<\/b><\/p>\n<ol>\n<li style=\"font-weight: 400;\" aria-level=\"1\"><span style=\"font-weight: 400;\">Select your preferred colour<\/span><\/li>\n<li style=\"font-weight: 400;\" aria-level=\"1\"><span style=\"font-weight: 400;\">Select the desired amount<\/span><\/li>\n<li style=\"font-weight: 400;\" aria-level=\"1\"><span style=\"font-weight: 400;\">When ordering different colours, first add one colour and then the second.<\/span><\/li>\n<li style=\"font-weight: 400;\" aria-level=\"1\"><span style=\"font-weight: 400;\">Go to the checkout and add all the required information.<\/span><\/li>\n<\/ol>\n<p><b>Fast, secure and easy payments with PayPal<\/b><\/li>\n<\/ul>\n<div class=\"mutjuttaminen\">\n<div class=\"video\">\n<figure class=\"redactor-component\" tabindex=\"-1\" contenteditable=\"false\" data-redactor-type=\"video\"><\/figure>\n<p>&nbsp;<\/p>\n<\/div>\n<p><span style=\"font-weight: 400;\">Using Mutjutin<\/span><b>\u2122<\/b><span style=\"font-weight: 400;\"> for muscle skin treatment is something, that you can do by yourself. When massaging with Mutjutin<\/span><b>\u2122<\/b><span style=\"font-weight: 400;\">, you can have an affect on the muscle membranes by causing pressure under your skin. When using Mutjutin<\/span><b>\u2122<\/b><span style=\"font-weight: 400;\">, place it on your skin where you feel the pain or ache and then use Mutjutin<\/span><b>\u2122<\/b><span style=\"font-weight: 400;\"> with back and forth movement. This action is carried out for 10 to 30 seconds. Then you can move to another parts of your muscle and treat it thoroughly. This way you can have a more holistic effect on the body part where the tension or the pain is.<\/span><\/p>\n<p><span style=\"font-weight: 400;\">Using Mutjutin\u2122 massage tool for muscle skin treatment is something you can do by yourself. When massaging with this tool, you can positively affect the muscle membranes by creayting pressure under your skin. When using Mutjutin\u2122, place it on your skin at the point where pain or ache is felt and then use this beneficial massage tool with back and forth movements. This action is carried out for 10 to 30 seconds. Then you move to another parts of your muscle and treat it thoroughly. This way you can have a more holistic effect on the body part where the tension or the pain is.<\/span><\/p>\n<p><span style=\"font-weight: 400;\">Pain is caused by a variety of varying reasons, such as a working in the same position for long periods of time or after a workout. The pain of the muscles indicates that the muscle membrane is unable to move freely and unable to stretch normally. The pressure applied with this massage tool releases muscle membranes from other tissues attached to them. The release of muscle membranes promotes the metabolism by removing metabolic waste from your body.<\/span><\/p>\n<p><span style=\"font-weight: 400;\">The motion performed with this Mutjutin\u2122 massage tool is always made from outwards towards the centre. For example, from your fingers to your elbow or shoulder or from your toes towards your knee and pelvis. This fully portable fits perfectly in your pocket enabling quick use any time, e.g. at work. With the use of this massage tool, you can keep pain at bay.<\/span><\/p>\n<\/div>\n","protected":false},"excerpt":{"rendered":"<p><strong>Mutjutin\u2122 ECO is our new version. <\/strong>On Mutjutin\u2122 ECO the material is biocomposite. By using biocomposite, we can reduce the need of plastic. The material is littlebit harder, than Mutjutin Original and on the surface there is wood- looking texture, that gives original feeling for the product.<\/p>\n<p><b>Mutjutin\u2122 is a wellness tool designed for myofascial release. Make muscle recovery more efficiently, reduce pain and improve blood circulation using Mutjutin\u2122. Sold over 100 000pcs and customers rate it it 8,9\/10.<\/b><\/p>\n<ul>\n<li style=\"font-weight: 400;\" aria-level=\"1\"><span style=\"font-weight: 400;\">Using Mutjutin\u2122 is easy (user guide included)<\/span><\/li>\n<li style=\"font-weight: 400;\" aria-level=\"1\"><span style=\"font-weight: 400;\">You can find the user guide, videos and more in the Mutjutin\u2122 mobile app (for Android &amp; iOS) download it here for free.<\/span><\/li>\n<li style=\"font-weight: 400;\" aria-level=\"1\"><span style=\"font-weight: 400;\">You can take care of your muscles fast and easily by yourself.<\/span><\/li>\n<li style=\"font-weight: 400;\" aria-level=\"1\"><span style=\"font-weight: 400;\">Using Mutjutin\u2122 is safe.<\/span><\/li>\n<li style=\"font-weight: 400;\" aria-level=\"1\"><span style=\"font-weight: 400;\">Feel the difference quickly.<\/span><\/li>\n<li style=\"font-weight: 400;\" aria-level=\"1\"><span style=\"font-weight: 400;\">You can use Mutjutin\u2122 over your whole body.<\/span><\/li>\n<li style=\"font-weight: 400;\" aria-level=\"1\"><span style=\"font-weight: 400;\">Easily carried around in your pocket, especially when going to work or the gym.<\/span><\/li>\n<li style=\"font-weight: 400;\" aria-level=\"1\"><span style=\"font-weight: 400;\">Easily attached to your backpack or keychain.<\/span><\/li>\n<li style=\"font-weight: 400;\" aria-level=\"1\"><span style=\"font-weight: 400;\">It really makes an ideal gift for a friend or relative.<\/span><\/li>\n<li style=\"font-weight: 400;\" aria-level=\"1\"><span style=\"font-weight: 400;\">Long lasting. No easily breaking parts<\/span><\/li>\n<\/ul>\n<p><b>Getting your own Mutjutin\u2122 is fast and easy.<\/b><\/p>\n<ol>\n<li style=\"font-weight: 400;\" aria-level=\"1\"><span style=\"font-weight: 400;\">Select your preferred colour<\/span><\/li>\n<li style=\"font-weight: 400;\" aria-level=\"1\"><span style=\"font-weight: 400;\">Select the desired amount<\/span><\/li>\n<li style=\"font-weight: 400;\" aria-level=\"1\"><span style=\"font-weight: 400;\">When ordering different colours, first add one colour and then the second.<\/span><\/li>\n<li style=\"font-weight: 400;\" aria-level=\"1\"><span style=\"font-weight: 400;\">Go to the checkout and add all the required information.<\/span><\/li>\n<\/ol>\n<p><b>Fast, secure and easy payments with PayPal<\/b><\/p>\n","protected":false},"featured_media":20134,"comment_status":"closed","ping_status":"closed","template":"","meta":{"_acf_changed":false,"om_disable_all_campaigns":false,"_monsterinsights_skip_tracking":false,"_monsterinsights_sitenote_active":false,"_monsterinsights_sitenote_note":"","_monsterinsights_sitenote_category":0},"product_brand":[],"product_cat":[73],"product_tag":[74,76],"class_list":{"0":"post-12838","1":"product","2":"type-product","3":"status-publish","4":"has-post-thumbnail","6":"product_cat-yleinen-en","7":"product_tag-mutjutin-en","8":"product_tag-mutjutin-eco-en","10":"first","11":"instock","12":"taxable","13":"shipping-taxable","14":"purchasable","15":"product-type-variable","16":"has-default-attributes"},"acf":[],"aioseo_notices":[],"jetpack_sharing_enabled":true,"_links":{"self":[{"href":"https:\/\/mutjutin.fi\/en\/wp-json\/wp\/v2\/product\/12838","targetHints":{"allow":["GET"]}}],"collection":[{"href":"https:\/\/mutjutin.fi\/en\/wp-json\/wp\/v2\/product"}],"about":[{"href":"https:\/\/mutjutin.fi\/en\/wp-json\/wp\/v2\/types\/product"}],"replies":[{"embeddable":true,"href":"https:\/\/mutjutin.fi\/en\/wp-json\/wp\/v2\/comments?post=12838"}],"wp:featuredmedia":[{"embeddable":true,"href":"https:\/\/mutjutin.fi\/en\/wp-json\/wp\/v2\/media\/20134"}],"wp:attachment":[{"href":"https:\/\/mutjutin.fi\/en\/wp-json\/wp\/v2\/media?parent=12838"}],"wp:term":[{"taxonomy":"product_brand","embeddable":true,"href":"https:\/\/mutjutin.fi\/en\/wp-json\/wp\/v2\/product_brand?post=12838"},{"taxonomy":"product_cat","embeddable":true,"href":"https:\/\/mutjutin.fi\/en\/wp-json\/wp\/v2\/product_cat?post=12838"},{"taxonomy":"product_tag","embeddable":true,"href":"https:\/\/mutjutin.fi\/en\/wp-json\/wp\/v2\/product_tag?post=12838"}],"curies":[{"name":"wp","href":"https:\/\/api.w.org\/{rel}","templated":true}]}}